{"id":41721,"date":"2024-08-26T10:53:45","date_gmt":"2024-08-26T15:53:45","guid":{"rendered":"https:\/\/orientesobrehielo.com\/?page_id=41721"},"modified":"2024-08-29T11:40:44","modified_gmt":"2024-08-29T16:40:44","slug":"clases-de-patinaje-sobre-hielo","status":"publish","type":"page","link":"https:\/\/orientesobrehielo.com\/en\/clases-de-patinaje-sobre-hielo\/","title":{"rendered":"Ice skating lessons"},"content":{"rendered":"<div data-elementor-type=\"wp-page\" data-elementor-id=\"41721\" class=\"elementor elementor-41721\">\n\t\t\t\t<div class=\"elementor-element elementor-element-1b054c1 e-flex e-con-boxed e-con e-parent\" data-id=\"1b054c1\" data-element_type=\"container\" data-settings=\"{&quot;background_background&quot;:&quot;classic&quot;}\">\n\t\t\t\t\t<div class=\"e-con-inner\">\n\t\t<div class=\"elementor-element elementor-element-8223dcc e-flex e-con-boxed e-con e-child\" data-id=\"8223dcc\" data-element_type=\"container\">\n\t\t\t\t\t<div class=\"e-con-inner\">\n\t\t<div class=\"elementor-element elementor-element-634d694 e-con-full lte-background-gray e-flex e-con e-child\" data-id=\"634d694\" data-element_type=\"container\">\n\t\t\t\t<div class=\"elementor-element elementor-element-e452ee6 lte-heading-align-center lte-watermark-offset-1 elementor-widget elementor-widget-lte-header\" data-id=\"e452ee6\" data-element_type=\"widget\" data-widget_type=\"lte-header.default\">\n\t\t\t\t<div class=\"elementor-widget-container\">\n\t\t\t<div class=\"lte-heading lte-style-header-subheader heading-tag-h4 heading-subtag-h6\"><div class=\"lte-heading-content\"><h4 class=\"lte-header\">Registration form<\/h4><\/div><\/div>\t\t<\/div>\n\t\t\t\t<\/div>\n\t\t\t\t<div class=\"elementor-element elementor-element-047a2db elementor-widget elementor-widget-text-editor\" data-id=\"047a2db\" data-element_type=\"widget\" data-widget_type=\"text-editor.default\">\n\t\t\t\t<div class=\"elementor-widget-container\">\n\t\t\t\t\t\t\t<p class=\" translation-block\">It\u2019s your time to shine on the rink! At <em>Center Ice<\/em>, we offer you the opportunity to learn and perfect your skating skills in a professional and fun environment. No matter your level of experience, our instructors are here to guide you every step of the way. Sign up today and start gliding with confidence. Reserve your spot now and join our ice community!<\/p>\t\t\t\t\t\t<\/div>\n\t\t\t\t<\/div>\n\t\t\t\t<div class=\"elementor-element elementor-element-0333d89 lte-background-transparent elementor-widget elementor-widget-lte-cf7\" data-id=\"0333d89\" data-element_type=\"widget\" data-widget_type=\"lte-cf7.default\">\n\t\t\t\t<div class=\"elementor-widget-container\">\n\t\t\t<div class=\"lte-contact-form-7 lte-padding-yes lte-btn-main lte-full-width-no\">\n<div class=\"wpcf7 no-js\" id=\"wpcf7-f15189-o1\" lang=\"en-US\" dir=\"ltr\">\n<div class=\"screen-reader-response\"><p role=\"status\" aria-live=\"polite\" aria-atomic=\"true\"><\/p> <ul><\/ul><\/div>\n<form action=\"\/en\/wp-json\/wp\/v2\/pages\/41721#wpcf7-f15189-o1\" method=\"post\" class=\"wpcf7-form init\" aria-label=\"Contact form\" novalidate=\"novalidate\" data-status=\"init\" data-trp-original-action=\"\/en\/wp-json\/wp\/v2\/pages\/41721#wpcf7-f15189-o1\">\n<div style=\"display: none;\">\n<input type=\"hidden\" name=\"_wpcf7\" value=\"15189\" \/>\n<input type=\"hidden\" name=\"_wpcf7_version\" value=\"5.9.8\" \/>\n<input type=\"hidden\" name=\"_wpcf7_locale\" value=\"en_US\" \/>\n<input type=\"hidden\" name=\"_wpcf7_unit_tag\" value=\"wpcf7-f15189-o1\" \/>\n<input type=\"hidden\" name=\"_wpcf7_container_post\" value=\"0\" \/>\n<input type=\"hidden\" name=\"_wpcf7_posted_data_hash\" value=\"\" \/>\n<\/div>\n<div class=\"row\">\n\t<div class=\"col-lg-12 col-xs-12\">\n\t\t<p><span class=\"wpcf7-form-control-wrap\" data-name=\"field-nombre\"><input size=\"40\" maxlength=\"400\" class=\"wpcf7-form-control wpcf7-text wpcf7-validates-as-required\" aria-required=\"true\" aria-invalid=\"false\" placeholder=\"Full name\" value=\"\" type=\"text\" name=\"field-nombre\" \/><\/span>\n\t\t<\/p>\n\t<\/div>\n\t<div class=\"col-lg-6 col-xs-12\">\n\t\t<p><span class=\"wpcf7-form-control-wrap\" data-name=\"field-email\"><input size=\"40\" maxlength=\"400\" class=\"wpcf7-form-control wpcf7-text wpcf7-validates-as-required\" aria-required=\"true\" aria-invalid=\"false\" placeholder=\"Email address\" value=\"\" type=\"text\" name=\"field-email\" \/><\/span>\n\t\t<\/p>\n\t<\/div>\n\t<div class=\"col-lg-6 col-xs-12\">\n\t\t<p><span class=\"wpcf7-form-control-wrap\" data-name=\"field-telefono\"><input size=\"40\" maxlength=\"400\" class=\"wpcf7-form-control wpcf7-text wpcf7-validates-as-required\" aria-required=\"true\" aria-invalid=\"false\" placeholder=\"Phone\" value=\"\" type=\"text\" name=\"field-telefono\" \/><\/span>\n\t\t<\/p>\n\t<\/div>\n\t<div class=\"col-lg-6 col-xs-12\">\n\t\t<p><span class=\"wpcf7-form-control-wrap\" data-name=\"field-nivel\"><select class=\"wpcf7-form-control wpcf7-select wpcf7-validates-as-required select-form\" aria-required=\"true\" aria-invalid=\"false\" name=\"field-nivel\"><option value=\"Principiante\">Beginner<\/option><option value=\"Intermedio\">Intermediate<\/option><option value=\"Avanzado\">Advanced<\/option><\/select><\/span>\n\t\t<\/p>\n\t<\/div>\n\t<div class=\"col-lg-6 col-xs-12\">\n\t\t<p><span class=\"wpcf7-form-control-wrap\" data-name=\"field-edad\"><input size=\"40\" maxlength=\"400\" class=\"wpcf7-form-control wpcf7-text wpcf7-validates-as-required\" aria-required=\"true\" aria-invalid=\"false\" placeholder=\"Age\" value=\"\" type=\"text\" name=\"field-edad\" \/><\/span>\n\t\t<\/p>\n\t<\/div>\n\t<div class=\"col-lg-12 col-xs-12\">\n\t\t<p><span class=\"wpcf7-form-control-wrap\" data-name=\"field-emergencia_nombre\"><input size=\"40\" maxlength=\"400\" class=\"wpcf7-form-control wpcf7-text wpcf7-validates-as-required\" aria-required=\"true\" aria-invalid=\"false\" placeholder=\"Name of a person if an emergency occurs\" value=\"\" type=\"text\" name=\"field-emergencia_nombre\" \/><\/span>\n\t\t<\/p>\n\t<\/div>\n\t<div class=\"col-lg-12 col-xs-12\">\n\t\t<p><span class=\"wpcf7-form-control-wrap\" data-name=\"field-emergencia_telefono\"><input size=\"40\" maxlength=\"400\" class=\"wpcf7-form-control wpcf7-text wpcf7-validates-as-required\" aria-required=\"true\" aria-invalid=\"false\" placeholder=\"Phone number of a person if an emergency occurs\" value=\"\" type=\"text\" name=\"field-emergencia_telefono\" \/><\/span>\n\t\t<\/p>\n\t<\/div>\n\t<div class=\"col-lg-12 col-xs-12\">\n\t\t<p><span class=\"wpcf7-form-control-wrap\" data-name=\"field-condicion-medica\"><textarea cols=\"40\" rows=\"10\" maxlength=\"2000\" class=\"wpcf7-form-control wpcf7-textarea\" aria-invalid=\"false\" placeholder=\"Relevant medical conditions\" name=\"field-condicion-medica\"><\/textarea><\/span>\n\t\t<\/p>\n\t<\/div>\n<\/div>\n<p><input class=\"wpcf7-form-control wpcf7-submit has-spinner\" type=\"submit\" value=\"Register\" \/>\n<\/p><div class=\"wpcf7-response-output\" aria-hidden=\"true\"><\/div>\n<input type=\"hidden\" name=\"trp-form-language\" value=\"en\"\/><\/form>\n<\/div>\n<\/div>\t\t<\/div>\n\t\t\t\t<\/div>\n\t\t\t\t<\/div>\n\t\t\t\t\t<\/div>\n\t\t\t\t<\/div>\n\t\t\t\t\t<\/div>\n\t\t\t\t<\/div>\n\t\t\t\t<\/div>","protected":false},"excerpt":{"rendered":"<p>Formulario de registro \u00a1Es tu momento de brillar sobre la pista! En Center Ice, te ofrecemos la oportunidad de aprender y perfeccionar tus habilidades de patinaje en un ambiente profesional y divertido. No importa tu nivel de experiencia, nuestros instructores est\u00e1n aqu\u00ed para guiarte en cada paso del camino. Inscr\u00edbete hoy y comienza a deslizarte [&hellip;]<\/p>","protected":false},"author":1,"featured_media":41695,"parent":0,"menu_order":0,"comment_status":"closed","ping_status":"closed","template":"page-templates\/full-width.php","meta":{"_acf_changed":false,"om_disable_all_campaigns":false,"_monsterinsights_skip_tracking":false,"_monsterinsights_sitenote_active":false,"_monsterinsights_sitenote_note":"","_monsterinsights_sitenote_category":0,"_uf_show_specific_survey":0,"_uf_disable_surveys":false,"footnotes":""},"class_list":["post-41721","page","type-page","status-publish","has-post-thumbnail","hentry"],"acf":[],"aioseo_notices":[],"_links":{"self":[{"href":"https:\/\/orientesobrehielo.com\/en\/wp-json\/wp\/v2\/pages\/41721","targetHints":{"allow":["GET"]}}],"collection":[{"href":"https:\/\/orientesobrehielo.com\/en\/wp-json\/wp\/v2\/pages"}],"about":[{"href":"https:\/\/orientesobrehielo.com\/en\/wp-json\/wp\/v2\/types\/page"}],"author":[{"embeddable":true,"href":"https:\/\/orientesobrehielo.com\/en\/wp-json\/wp\/v2\/users\/1"}],"replies":[{"embeddable":true,"href":"https:\/\/orientesobrehielo.com\/en\/wp-json\/wp\/v2\/comments?post=41721"}],"version-history":[{"count":7,"href":"https:\/\/orientesobrehielo.com\/en\/wp-json\/wp\/v2\/pages\/41721\/revisions"}],"predecessor-version":[{"id":41783,"href":"https:\/\/orientesobrehielo.com\/en\/wp-json\/wp\/v2\/pages\/41721\/revisions\/41783"}],"wp:featuredmedia":[{"embeddable":true,"href":"https:\/\/orientesobrehielo.com\/en\/wp-json\/wp\/v2\/media\/41695"}],"wp:attachment":[{"href":"https:\/\/orientesobrehielo.com\/en\/wp-json\/wp\/v2\/media?parent=41721"}],"curies":[{"name":"wp","href":"https:\/\/api.w.org\/{rel}","templated":true}]}}